{"id":21,"date":"2024-08-16T10:01:12","date_gmt":"2024-08-16T08:01:12","guid":{"rendered":"https:\/\/kuechen.life\/?page_id=21"},"modified":"2026-03-19T13:18:15","modified_gmt":"2026-03-19T12:18:15","slug":"kuechenstudios","status":"publish","type":"page","link":"https:\/\/kuechen.life\/en\/kuechenstudios\/","title":{"rendered":"K\u00fcchenstudios"},"content":{"rendered":"<div class=\"banner has-hover bg-gradient\" id=\"banner-1959884471\">\n          <div class=\"banner-inner fill\">\n        <div class=\"banner-bg fill\" >\n            <img decoding=\"async\" width=\"1024\" height=\"608\" src=\"https:\/\/kuechen.life\/wp-content\/uploads\/2026\/03\/Generated-Image-March-19-2026-1_14PM.png\" class=\"bg attachment-original size-original\" alt=\"K\u00fcchenberatung\" \/>                        <div class=\"overlay\"><\/div>            \n                    <\/div>\n\t\t\n        <div class=\"banner-layers container\">\n            <div class=\"fill banner-link\"><\/div>            \n   <div id=\"text-box-404116935\" class=\"text-box banner-layer text-shadow x50 md-x50 lg-x50 y50 md-y50 lg-y50 res-text\">\n                                <div class=\"text-box-content text dark\">\n              \n              <div class=\"text-inner text-center\">\n                  \n<h1>K\u00fcchenstudios<\/h1>\n<a href=\"#studios\" class=\"button white is-larger\"  >\n\t\t<span>Jetzt entdecken<\/span>\n\t<i class=\"icon-angle-right\" aria-hidden=\"true\" ><\/i><\/a>\n\n              <\/div>\n           <\/div>\n                            \n<style>\n#text-box-404116935 {\n  width: 84%;\n}\n#text-box-404116935 .text-box-content {\n  font-size: 100%;\n}\n<\/style>\n    <\/div>\n \n        <\/div>\n      <\/div>\n\n            \n<style>\n#banner-1959884471 {\n  padding-top: 55vh;\n}\n#banner-1959884471 .overlay {\n  background-color: rgba(0, 0, 0, 0.674);\n}\n#banner-1959884471 .banner-bg img {\n  object-position: 60% 66%;\n}\n<\/style>\n  <\/div>\n\n\n\n\t<section class=\"section\" id=\"section_2075781326\">\n\t\t<div class=\"section-bg fill\" >\n\t\t\t\t\t\t\t\t\t\n\t\t\t\n\n\t\t<\/div>\n\n\t\t\n\n\t\t<div class=\"section-content relative\">\n\t\t\t\n<div class=\"row\"  id=\"row-1032922933\">\n\n\t<div id=\"col-1479678106\" class=\"col small-12 large-12\"  >\n\t\t\t\t<div class=\"col-inner\"  >\n\t\t\t\n\t\t\t\n\t<div id=\"text-3685431620\" class=\"text\">\n\t\t\n<h2>Life K\u00fcchen = 2 x in Deutschland<\/h2>\n<p class=\"lead\">Unsere K\u00fcchenstudios in Ihrer N\u00e4he<\/p>\n\t\t\n<style>\n#text-3685431620 {\n  text-align: left;\n}\n<\/style>\n\t<\/div>\n\t\n<div class=\"row\"  id=\"row-1810692023\">\n\n\t<div id=\"col-666099045\" class=\"col medium-6 small-12 large-6\"  >\n\t\t\t\t<div class=\"col-inner\"  >\n\t\t\t\n\t\t\t\n<p>Bei Life K\u00fcchen stehen Sie und Ihre Lebenswelt im Mittelpunkt. In unseren K\u00fcchenstudios in Aschaffenburg und Oberursel planen wir nicht einfach K\u00fcchen \u2013 wir gestalten R\u00e4ume, die zu Ihnen passen. R\u00e4ume, die Begegnung, Genuss und Lebensfreude m\u00f6glich machen.<\/p>\n<p>Denn eine K\u00fcche ist weit mehr als nur ein Platz zum Kochen. Sie ist der Ort, an dem Geschichten erz\u00e4hlt, Erinnerungen geschaffen und Genuss gelebt wird. Ob Familienk\u00fcche, Designk\u00fcche oder offene Wohnk\u00fcche \u2013 wir schaffen L\u00f6sungen, die Funktionalit\u00e4t, \u00c4sthetik und Qualit\u00e4t vereinen.<\/p>\n\t\t<\/div>\n\t\t\t\t\t<\/div>\n\n\t\n\n\t<div id=\"col-1372584254\" class=\"col medium-6 small-12 large-6\"  >\n\t\t\t\t<div class=\"col-inner\"  >\n\t\t\t\n\t\t\t\n<p>Als fest verwurzeltes Unternehmen in der Region Rhein-Main sind wir stolz darauf, lokal f\u00fcr Sie da zu sein. Unsere Teams in Aschaffenburg und Oberursel kennen die W\u00fcnsche und Anspr\u00fcche unserer Kundinnen und Kunden \u2013 und nehmen sich Zeit f\u00fcr Ihre individuellen Vorstellungen.<\/p>\n<p>Wir setzen auf pers\u00f6nliche Beratung und echte N\u00e4he: von der ersten Skizze bis zur finalen Montage begleiten wir Sie Schritt f\u00fcr Schritt. Dabei arbeiten wir bevorzugt mit regionalen Partnern und Lieferanten zusammen, um nachhaltige Qualit\u00e4t und kurze Wege zu garantieren.<\/p>\n\t\t<\/div>\n\t\t\t\t\t<\/div>\n\n\t\n<\/div>\n\t\t<\/div>\n\t\t\t\t\t<\/div>\n\n\t\n<\/div>\n\t\t<\/div>\n\n\t\t\n<style>\n#section_2075781326 {\n  padding-top: 50px;\n  padding-bottom: 50px;\n}\n<\/style>\n\t<\/section>\n\t\n\n\t<section class=\"section\" id=\"section_906733291\">\n\t\t<div class=\"section-bg fill\" >\n\t\t\t\t\t\t\t\t\t\n\t\t\t\n\n\t\t<\/div>\n\n\t\t\n\n\t\t<div class=\"section-content relative\">\n\t\t\t\n<div class=\"row\"  id=\"row-170085455\">\n\n\t<div id=\"col-283357569\" class=\"col small-12 large-12\"  >\n\t\t\t\t<div class=\"col-inner\"  >\n\t\t\t\n\t\t\t\n<span class=\"scroll-to\" data-label=\"Scroll to: #studios\" data-bullet=\"false\" data-link=\"#studios\" data-title=\"studios\" ><a name=\"studios\"><\/a><\/span>\n<div class=\"row\"  id=\"row-131501132\">\n\n\t<div id=\"col-1718642351\" class=\"col medium-6 small-12 large-6\"  >\n\t\t\t\t<div class=\"col-inner\"  >\n\t\t\t\n\t\t\t\n\t<div id=\"text-2218192746\" class=\"text\">\n\t\t\n<h2>K\u00fcchenstudio Aschaffenburg<\/h3>\n\t\t\n<style>\n#text-2218192746 {\n  text-align: left;\n}\n<\/style>\n\t<\/div>\n\t\n<p>Unser K\u00fcchenstudio befindet sich in Aschaffenburg und ist mit dem Auto, fu\u00dfl\u00e4ufig oder mit der Bahn exzellent zu erreichen:<\/p>\n<div class=\"row\"  id=\"row-1662174098\">\n\n\t<div id=\"col-350824601\" class=\"col small-12 large-12\"  >\n\t\t\t\t<div class=\"col-inner\"  >\n\t\t\t\n\t\t\t\n<h4>Adresse:<\/h4>\n<p>Wei\u00dfenburger Str. 52<br \/>\n63739 Aschaffenburg<\/p>\n<h4>\u00d6ffnungszeiten:<\/h4>\n<p>Montag-Samstag: 10-18 Uhr<br \/>\nSonntag: Geschlossen<\/p>\n<a href=\"\/en\/beratungstermin\/\" class=\"button primary\"  >\n\t\t<span>Termin vereinbaren<\/span>\n\t<\/a>\n\n\t\t<\/div>\n\t\t\t\t\t<\/div>\n\n\t\n<\/div>\n\t\t<\/div>\n\t\t\t\t\n<style>\n#col-1718642351 > .col-inner {\n  padding: 0px 5% 0px 0px;\n}\n<\/style>\n\t<\/div>\n\n\t\n\n\t<div id=\"col-1534111690\" class=\"col medium-4 small-12 large-4\"  >\n\t\t\t\t<div class=\"col-inner\"  >\n\t\t\t\n\t\t\t\n\n  <div class=\"banner has-hover\" id=\"banner-1234195901\">\n          <div class=\"banner-inner fill\">\n        <div class=\"banner-bg fill\" >\n            <img decoding=\"async\" width=\"1200\" height=\"1600\" src=\"https:\/\/kuechen.life\/wp-content\/uploads\/2026\/03\/Life_Kuechen_AB.jpg\" class=\"bg attachment-original size-original\" alt=\"Gesch\u00e4ft f\u00fcr K\u00fcchen und M\u00f6bel\" \/>                                    \n                    <\/div>\n\t\t\n        <div class=\"banner-layers container\">\n            <div class=\"fill banner-link\"><\/div>            \n   <div id=\"text-box-2004795901\" class=\"text-box banner-layer x50 md-x50 lg-x50 y50 md-y50 lg-y50 res-text\">\n                                <div class=\"text-box-content text dark\">\n              \n              <div class=\"text-inner text-center\">\n                  \n              <\/div>\n           <\/div>\n                            \n<style>\n#text-box-2004795901 {\n  width: 60%;\n}\n#text-box-2004795901 .text-box-content {\n  font-size: 100%;\n}\n<\/style>\n    <\/div>\n \n        <\/div>\n      <\/div>\n\n            \n<style>\n#banner-1234195901 {\n  padding-top: 577px;\n}\n#banner-1234195901 .banner-bg img {\n  object-position: 50% 100%;\n}\n<\/style>\n  <\/div>\n\n\n\t\t<\/div>\n\t\t\t\t\t<\/div>\n\n\t\n<\/div>\n\t\t<\/div>\n\t\t\t\t\t<\/div>\n\n\t\n<\/div>\n\t\t<\/div>\n\n\t\t\n<style>\n#section_906733291 {\n  padding-top: 50px;\n  padding-bottom: 50px;\n}\n<\/style>\n\t<\/section>\n\t\n\n\t<section class=\"section\" id=\"section_94388496\">\n\t\t<div class=\"section-bg fill\" >\n\t\t\t\t\t\t\t\t\t\n\t\t\t\n\n\t\t<\/div>\n\n\t\t\n\n\t\t<div class=\"section-content relative\">\n\t\t\t\n<div class=\"row\"  id=\"row-1678436521\">\n\n\t<div id=\"col-1975231716\" class=\"col small-12 large-12\"  >\n\t\t\t\t<div class=\"col-inner\"  >\n\t\t\t\n\t\t\t\n<div class=\"row\"  id=\"row-1583035675\">\n\n\t<div id=\"col-25604566\" class=\"col medium-6 small-12 large-6\"  >\n\t\t\t\t<div class=\"col-inner\"  >\n\t\t\t\n\t\t\t\n\t<div id=\"text-2389160115\" class=\"text\">\n\t\t\n<h2>K\u00fcchenstudio Oberursel<\/h2>\n\t\t\n<style>\n#text-2389160115 {\n  text-align: left;\n}\n<\/style>\n\t<\/div>\n\t\n<p>Unser K\u00fcchenstudio befindet sich in Oberursel und ist mit dem Auto, fu\u00dfl\u00e4ufig oder mit der Bahn exzellent zu erreichen:<\/p>\n<div class=\"row\"  id=\"row-1606906137\">\n\n\t<div id=\"col-1322774700\" class=\"col small-12 large-12\"  >\n\t\t\t\t<div class=\"col-inner\"  >\n\t\t\t\n\t\t\t\n<h4>Adresse:<\/h4>\n<p>Hohemarkstra\u00dfe 15<br \/>\n61440 Oberursel (Taunus)<\/p>\n<h4>\u00d6ffnungszeiten:<\/h4>\n<p>Montag-Samstag: 10-18 Uhr<br \/>\nSonntag: Geschlossen<\/p>\n<a href=\"\/en\/beratungstermin\/\" class=\"button primary\"  >\n\t\t<span>Termin vereinbaren<\/span>\n\t<\/a>\n\n\t\t<\/div>\n\t\t\t\t\t<\/div>\n\n\t\n<\/div>\n\t\t<\/div>\n\t\t\t\t\n<style>\n#col-25604566 > .col-inner {\n  padding: 0px 5% 0px 0px;\n}\n<\/style>\n\t<\/div>\n\n\t\n\n\t<div id=\"col-982420339\" class=\"col medium-6 small-12 large-6\"  >\n\t\t\t\t<div class=\"col-inner\"  >\n\t\t\t\n\t\t\t\n\n  <div class=\"banner has-hover\" id=\"banner-937007486\">\n          <div class=\"banner-inner fill\">\n        <div class=\"banner-bg fill\" >\n            <img decoding=\"async\" width=\"1126\" height=\"2000\" src=\"https:\/\/kuechen.life\/wp-content\/uploads\/2025\/07\/Life-Kuechen-Kuechenstudio-Oberursel.jpg\" class=\"bg attachment-original size-original\" alt=\"\" \/>                                    \n                    <\/div>\n\t\t\n        <div class=\"banner-layers container\">\n            <div class=\"fill banner-link\"><\/div>            \n   <div id=\"text-box-2011919484\" class=\"text-box banner-layer x50 md-x50 lg-x50 y50 md-y50 lg-y50 res-text\">\n                                <div class=\"text-box-content text dark\">\n              \n              <div class=\"text-inner text-center\">\n                  \n              <\/div>\n           <\/div>\n                            \n<style>\n#text-box-2011919484 {\n  width: 60%;\n}\n#text-box-2011919484 .text-box-content {\n  font-size: 100%;\n}\n<\/style>\n    <\/div>\n \n        <\/div>\n      <\/div>\n\n            \n<style>\n#banner-937007486 {\n  padding-top: 577px;\n}\n#banner-937007486 .banner-bg img {\n  object-position: 54% 31%;\n}\n<\/style>\n  <\/div>\n\n\n\t\t<\/div>\n\t\t\t\t\t<\/div>\n\n\t\n<\/div>\n\t\t<\/div>\n\t\t\t\t\t<\/div>\n\n\t\n<\/div>\n\t\t<\/div>\n\n\t\t\n<style>\n#section_94388496 {\n  padding-top: 50px;\n  padding-bottom: 50px;\n}\n<\/style>\n\t<\/section>\n\t\n\n\t<section class=\"section\" id=\"section_1552594008\">\n\t\t<div class=\"section-bg fill\" >\n\t\t\t\t\t\t\t\t\t\n\t\t\t\n\n\t\t<\/div>\n\n\t\t\n\n\t\t<div class=\"section-content relative\">\n\t\t\t\n<div class=\"row\"  id=\"row-243297400\">\n\n\t<div id=\"col-763693843\" class=\"col small-12 large-12\"  >\n\t\t\t\t<div class=\"col-inner\"  >\n\t\t\t\n\t\t\t\n<div class=\"row\"  id=\"row-1727608684\">\n\n\t<div id=\"col-1802493955\" class=\"col medium-6 small-12 large-6\"  >\n\t\t\t\t<div class=\"col-inner\"  >\n\t\t\t\n\t\t\t\n\t<div id=\"text-2497816900\" class=\"text\">\n\t\t\n<h2 class=\"lead\">Ihre Vorteile<\/h2>\n\t\t\n<style>\n#text-2497816900 {\n  text-align: left;\n}\n<\/style>\n\t<\/div>\n\t\n<p>Bei Life K\u00fcchen gestalten wir Ihre Einrichtung so, dass sie ein echtes Unikat wird \u2013 individuell geplant, perfekt auf Ihre W\u00fcnsche und Ihr Zuhause abgestimmt. Jede K\u00fcche, jedes M\u00f6belst\u00fcck entsteht mit dem Anspruch, Ihre Pers\u00f6nlichkeit widerzuspiegeln und Ihrem Alltag gerecht zu werden.<\/p>\n<p>Wir setzen auf ma\u00dfgeschneiderte L\u00f6sungen: kein Standard, sondern echte Individualit\u00e4t. Ob Sie eine besondere Front, ein ausgefallenes Regal oder einen praktischen Schrank suchen \u2013 wir kombinieren hochwertige Materialien und pr\u00e4zise Planung zu einem Ergebnis, das genau zu Ihnen passt.<\/p>\n<p>Ihre K\u00fcche kann bei uns von Grund auf individuell geplant werden. Gleichzeitig bieten wir Ihnen die M\u00f6glichkeit, Ihre K\u00fcche mit ausgew\u00e4hlten besonderen Elementen zu veredeln \u2013 seien es spezielle Oberfl\u00e4chen, ausgefallene Details oder einzigartige Materialien.<\/p>\n<p>Und auch \u00fcber die K\u00fcche hinaus erf\u00fcllen wir Ihre Wohnw\u00fcnsche: ob Schneidebrett, Kleiderschrank oder Regal \u2013 wir finden die passende L\u00f6sung f\u00fcr Sie, fair kalkuliert und individuell abgestimmt.<\/p>\n<p>Life K\u00fcchen \u2013 weil Ihre Einrichtung so einzigartig sein sollte wie Sie selbst.<\/p>\n\t\t<\/div>\n\t\t\t\t\t<\/div>\n\n\t\n\n\t<div id=\"col-13245988\" class=\"col medium-6 small-12 large-6\"  >\n\t\t\t\t<div class=\"col-inner\"  >\n\t\t\t\n\t\t\t\n\t<div class=\"img has-hover x md-x lg-x y md-y lg-y\" id=\"image_566118511\">\n\t\t\t\t\t\t\t\t<div class=\"img-inner dark\" >\n\t\t\t<img decoding=\"async\" width=\"2000\" height=\"1432\" src=\"https:\/\/kuechen.life\/wp-content\/uploads\/2025\/05\/Nobilia-Inselkueche-Schwarz-matt-modern.jpg\" class=\"attachment-original size-original\" alt=\"\" srcset=\"https:\/\/kuechen.life\/wp-content\/uploads\/2025\/05\/Nobilia-Inselkueche-Schwarz-matt-modern.jpg 2000w, https:\/\/kuechen.life\/wp-content\/uploads\/2025\/05\/Nobilia-Inselkueche-Schwarz-matt-modern-300x215.jpg 300w, https:\/\/kuechen.life\/wp-content\/uploads\/2025\/05\/Nobilia-Inselkueche-Schwarz-matt-modern-1024x733.jpg 1024w, https:\/\/kuechen.life\/wp-content\/uploads\/2025\/05\/Nobilia-Inselkueche-Schwarz-matt-modern-768x550.jpg 768w, https:\/\/kuechen.life\/wp-content\/uploads\/2025\/05\/Nobilia-Inselkueche-Schwarz-matt-modern-1536x1100.jpg 1536w\" sizes=\"(max-width: 2000px) 100vw, 2000px\" \/>\t\t\t\t\t\t\n\t\t\t\t\t<\/div>\n\t\t\t\t\t\t\t\t\n<style>\n#image_566118511 {\n  width: 100%;\n}\n<\/style>\n\t<\/div>\n\t\n\t\t<\/div>\n\t\t\t\t\t<\/div>\n\n\t\n\n\t<div id=\"col-885640466\" class=\"col medium-4 small-12 large-4\"  >\n\t\t\t\t<div class=\"col-inner\"  >\n\t\t\t\n\t\t\t\n\n\t\t<div class=\"icon-box featured-box icon-box-center text-center\"  >\n\t\t\t\t\t<div class=\"icon-box-img\" style=\"width: 80px\">\n\t\t\t\t<div class=\"icon\">\n\t\t\t\t\t<div class=\"icon-inner\" style=\"color:rgb(0, 0, 0);\">\n\t\t\t\t\t\t<img decoding=\"async\" width=\"300\" height=\"300\" src=\"https:\/\/kuechen.life\/wp-content\/uploads\/2025\/05\/Icon-Siegel-300x300.png\" class=\"attachment-medium size-medium\" alt=\"\" srcset=\"https:\/\/kuechen.life\/wp-content\/uploads\/2025\/05\/Icon-Siegel-300x300.png 300w, https:\/\/kuechen.life\/wp-content\/uploads\/2025\/05\/Icon-Siegel-150x150.png 150w, https:\/\/kuechen.life\/wp-content\/uploads\/2025\/05\/Icon-Siegel-100x100.png 100w, https:\/\/kuechen.life\/wp-content\/uploads\/2025\/05\/Icon-Siegel.png 596w\" sizes=\"(max-width: 300px) 100vw, 300px\" \/>\t\t\t\t\t<\/div>\n\t\t\t\t<\/div>\n\t\t\t<\/div>\n\t\t\t\t<div class=\"icon-box-text last-reset\">\n\t\t\t\t\t\t\t\t\t\n<h4>TOP-K\u00fcchenstudio<\/h4>\n<p>Seit mehreren Jahren werden wir als Top-K\u00fcchenstudio ausgezeichnet. Diesen Standard leben wir jeden Tag.<\/p>\n\t\t<\/div>\n\t<\/div>\n\t\n\t\n\t\t<\/div>\n\t\t\t\t\t<\/div>\n\n\t\n\n\t<div id=\"col-1859948580\" class=\"col medium-4 small-12 large-4\"  >\n\t\t\t\t<div class=\"col-inner\"  >\n\t\t\t\n\t\t\t\n\n\t\t<div class=\"icon-box featured-box icon-box-center text-center\"  >\n\t\t\t\t\t<div class=\"icon-box-img\" style=\"width: 80px\">\n\t\t\t\t<div class=\"icon\">\n\t\t\t\t\t<div class=\"icon-inner\" >\n\t\t\t\t\t\t<img decoding=\"async\" width=\"300\" height=\"300\" src=\"https:\/\/kuechen.life\/wp-content\/uploads\/2025\/05\/Icon-Haekchen-300x300.png\" class=\"attachment-medium size-medium\" alt=\"\" srcset=\"https:\/\/kuechen.life\/wp-content\/uploads\/2025\/05\/Icon-Haekchen-300x300.png 300w, https:\/\/kuechen.life\/wp-content\/uploads\/2025\/05\/Icon-Haekchen-150x150.png 150w, https:\/\/kuechen.life\/wp-content\/uploads\/2025\/05\/Icon-Haekchen-100x100.png 100w, https:\/\/kuechen.life\/wp-content\/uploads\/2025\/05\/Icon-Haekchen.png 596w\" sizes=\"(max-width: 300px) 100vw, 300px\" \/>\t\t\t\t\t<\/div>\n\t\t\t\t<\/div>\n\t\t\t<\/div>\n\t\t\t\t<div class=\"icon-box-text last-reset\">\n\t\t\t\t\t\t\t\t\t\n<h4>Mehr als 20 Jahre Erfahrung<\/h4>\n<p>Wir haben \u00fcber 20 Jahre Erfahrung mit der Planung von individuellen K\u00fcchen.<\/p>\n\t\t<\/div>\n\t<\/div>\n\t\n\t\n\t\t<\/div>\n\t\t\t\t\t<\/div>\n\n\t\n\n\t<div id=\"col-368338947\" class=\"col medium-4 small-12 large-4\"  >\n\t\t\t\t<div class=\"col-inner\"  >\n\t\t\t\n\t\t\t\n\n\t\t<div class=\"icon-box featured-box icon-box-center text-center\"  >\n\t\t\t\t\t<div class=\"icon-box-img\" style=\"width: 80px\">\n\t\t\t\t<div class=\"icon\">\n\t\t\t\t\t<div class=\"icon-inner\" >\n\t\t\t\t\t\t<img decoding=\"async\" width=\"300\" height=\"300\" src=\"https:\/\/kuechen.life\/wp-content\/uploads\/2026\/03\/Generated-Image-March-18-2026-4_42PM-300x300.png\" class=\"attachment-medium size-medium\" alt=\"\" srcset=\"https:\/\/kuechen.life\/wp-content\/uploads\/2026\/03\/Generated-Image-March-18-2026-4_42PM-300x300.png 300w, https:\/\/kuechen.life\/wp-content\/uploads\/2026\/03\/Generated-Image-March-18-2026-4_42PM-150x150.png 150w, https:\/\/kuechen.life\/wp-content\/uploads\/2026\/03\/Generated-Image-March-18-2026-4_42PM-768x768.png 768w, https:\/\/kuechen.life\/wp-content\/uploads\/2026\/03\/Generated-Image-March-18-2026-4_42PM-1000x1000.png 1000w, https:\/\/kuechen.life\/wp-content\/uploads\/2026\/03\/Generated-Image-March-18-2026-4_42PM-100x100.png 100w, https:\/\/kuechen.life\/wp-content\/uploads\/2026\/03\/Generated-Image-March-18-2026-4_42PM.png 1024w\" sizes=\"(max-width: 300px) 100vw, 300px\" \/>\t\t\t\t\t<\/div>\n\t\t\t\t<\/div>\n\t\t\t<\/div>\n\t\t\t\t<div class=\"icon-box-text last-reset\">\n\t\t\t\t\t\t\t\t\t\n<h4>Pers\u00f6nlicher Ansprechpartner<\/h4>\n<p>Direkt zu Beginn haben Sie einen pers\u00f6nlichen Ansprechpartner, die Sie die ganze Zeit \u00fcber begleitet.<\/p>\n\t\t<\/div>\n\t<\/div>\n\t\n\t\n\t\t<\/div>\n\t\t\t\t\t<\/div>\n\n\t\n<\/div>\n\t\t<\/div>\n\t\t\t\t\t<\/div>\n\n\t\n<\/div>\n\t\t<\/div>\n\n\t\t\n<style>\n#section_1552594008 {\n  padding-top: 120px;\n  padding-bottom: 120px;\n  background-color: rgb(240, 240, 240);\n}\n<\/style>\n\t<\/section>","protected":false},"excerpt":{"rendered":"","protected":false},"author":6,"featured_media":0,"parent":0,"menu_order":0,"comment_status":"closed","ping_status":"closed","template":"page-blank.php","meta":{"footnotes":""},"class_list":["post-21","page","type-page","status-publish","hentry"],"_links":{"self":[{"href":"https:\/\/kuechen.life\/en\/wp-json\/wp\/v2\/pages\/21","targetHints":{"allow":["GET"]}}],"collection":[{"href":"https:\/\/kuechen.life\/en\/wp-json\/wp\/v2\/pages"}],"about":[{"href":"https:\/\/kuechen.life\/en\/wp-json\/wp\/v2\/types\/page"}],"author":[{"embeddable":true,"href":"https:\/\/kuechen.life\/en\/wp-json\/wp\/v2\/users\/6"}],"replies":[{"embeddable":true,"href":"https:\/\/kuechen.life\/en\/wp-json\/wp\/v2\/comments?post=21"}],"version-history":[{"count":22,"href":"https:\/\/kuechen.life\/en\/wp-json\/wp\/v2\/pages\/21\/revisions"}],"predecessor-version":[{"id":2342,"href":"https:\/\/kuechen.life\/en\/wp-json\/wp\/v2\/pages\/21\/revisions\/2342"}],"wp:attachment":[{"href":"https:\/\/kuechen.life\/en\/wp-json\/wp\/v2\/media?parent=21"}],"curies":[{"name":"wp","href":"https:\/\/api.w.org\/{rel}","templated":true}]}}