{"id":23,"date":"2024-08-16T10:01:24","date_gmt":"2024-08-16T08:01:24","guid":{"rendered":"https:\/\/kuechen.life\/?page_id=23"},"modified":"2026-03-25T09:49:37","modified_gmt":"2026-03-25T08:49:37","slug":"beratungstermin","status":"publish","type":"page","link":"https:\/\/kuechen.life\/en\/beratungstermin\/","title":{"rendered":"Beratungstermin"},"content":{"rendered":"\n  <div class=\"banner has-hover bg-gradient\" id=\"banner-620222219\">\n          <div class=\"banner-inner fill\">\n        <div class=\"banner-bg fill\" >\n            <img decoding=\"async\" width=\"1920\" height=\"914\" src=\"https:\/\/kuechen.life\/wp-content\/uploads\/2026\/03\/csm_neuheiten_26_Neuheiten_stage_31007_25_Look_e6e489d31a.webp\" class=\"bg attachment-original size-original\" alt=\"Dieses Foto zeigt eine moderne, minimalistische K\u00fcche mit angrenzendem Essbereich, der von nat\u00fcrlichem Licht durchflutet wird. Die K\u00fcche ist ausgestattet mit wei\u00dfen Schr\u00e4nken, einem schwarzen Induktionskochfeld und einer eingebauten Mikrowelle. \u00dcber den Arbeitsfl\u00e4chen befinden sich Regale mit Topfpflanzen und dekorativen Gegenst\u00e4nden. Der Essbereich verf\u00fcgt \u00fcber einen hellen Holztisch und vier gepolsterte St\u00fchle. Gro\u00dfe Fenster geben den Blick auf \u00fcppiges Gr\u00fcn im Au\u00dfenbereich frei. Die Farbgestaltung ist dezent und neutral mit Beige- und Wei\u00dft\u00f6nen.\" \/>                        <div class=\"overlay\"><\/div>            \n                    <\/div>\n\t\t\n        <div class=\"banner-layers container\">\n            <div class=\"fill banner-link\"><\/div>            \n   <div id=\"text-box-1721080681\" class=\"text-box banner-layer text-shadow x50 md-x50 lg-x50 y50 md-y50 lg-y50 res-text\">\n                                <div class=\"text-box-content text dark\">\n              \n              <div class=\"text-inner text-center\">\n                  \n<h1>Beratungstermin vereinbaren<\/h1>\n              <\/div>\n           <\/div>\n                            \n<style>\n#text-box-1721080681 {\n  width: 93%;\n}\n#text-box-1721080681 .text-box-content {\n  font-size: 100%;\n}\n@media (min-width:550px) {\n  #text-box-1721080681 {\n    width: 60%;\n  }\n}\n<\/style>\n    <\/div>\n \n        <\/div>\n      <\/div>\n\n            \n<style>\n#banner-620222219 {\n  padding-top: 50vh;\n}\n#banner-620222219 .overlay {\n  background-color: rgba(0, 0, 0, 0.302);\n}\n#banner-620222219 .banner-bg img {\n  object-position: 73% 16%;\n}\n<\/style>\n  <\/div>\n\n\n\n\t<section class=\"section\" id=\"section_470449120\">\n\t\t<div class=\"section-bg fill\" >\n\t\t\t\t\t\t\t\t\t\n\t\t\t\n\n\t\t<\/div>\n\n\t\t\n\n\t\t<div class=\"section-content relative\">\n\t\t\t\n<div class=\"row\"  id=\"row-774358379\">\n\n\t<div id=\"col-436973806\" class=\"col small-12 large-12\"  >\n\t\t\t\t<div class=\"col-inner\"  >\n\t\t\t\n\t\t\t\n<div class=\"row align-equal\"  id=\"row-164438005\">\n\n\t<div id=\"col-1252043935\" class=\"col medium-7 small-12 large-7\"  >\n\t\t\t\t<div class=\"col-inner\" style=\"background-color:rgb(255,255,255);\" >\n\t\t\t\n\t\t\t\n<p class=\"lead\"><strong>Jetzt Beratungstermin vereinbaren<\/strong><\/p>\n<p>Vereinbaren Sie jetzt Ihren Termin f\u00fcr eine kostenlose K\u00fcchenberatung und planen Sie mit uns gemeinsam, ganz individuell, Ihre Traumk\u00fcche.<\/p>\n\n<div class='fluentform ff-default fluentform_wrapper_3 ffs_default_wrap'><form data-form_id=\"3\" id=\"fluentform_3\" class=\"frm-fluent-form fluent_form_3 ff-el-form-top ff_form_instance_3_1 ff-form-loading ffs_default\" data-form_instance=\"ff_form_instance_3_1\" method=\"POST\" ><fieldset  style=\"border: none!important;margin: 0!important;padding: 0!important;background-color: transparent!important;box-shadow: none!important;outline: none!important; min-inline-size: 100%;\">\n                    <legend class=\"ff_screen_reader_title\" style=\"display: block; margin: 0!important;padding: 0!important;height: 0!important;text-indent: -999999px;width: 0!important;overflow:hidden;\">Beratungstermin<\/legend>        <div\n                style=\"display: none!important; position: absolute!important; transform: translateX(1000%)!important;\"\n                class=\"ff-el-group ff-hpsf-container\"\n        >\n            <div class=\"ff-el-input--label asterisk-right\">\n                <label for=\"ff_3_item_sf\" aria-label=\"Contact\">\n                    Contact                <\/label>\n            <\/div>\n            <div class=\"ff-el-input--content\">\n                <input type=\"text\"\n                       name=\"item_3__fluent_sf\"\n                       class=\"ff-el-form-control\"\n                       id=\"ff_3_item_sf\"\n                \/>\n            <\/div>\n        <\/div>\n                <input type=\"hidden\" id=\"__fluent_protection_token_3\" class=\"fluent-form-token-field\" name=\"__fluent_protection_token_3\">\n        <input type='hidden' name='__fluent_form_embded_post_id' value='23' \/><input type=\"hidden\" id=\"_fluentform_3_fluentformnonce\" name=\"_fluentform_3_fluentformnonce\" value=\"f669f03465\" \/><input type=\"hidden\" name=\"_wp_http_referer\" value=\"\/en\/wp-json\/wp\/v2\/pages\/23\" \/><div data-type=\"name-element\" data-name=\"names\" class=\" ff-field_container ff-name-field-wrapper\" ><div class='ff-t-container'><div class='ff-t-cell '><div class='ff-el-group'><div class=\"ff-el-input--label asterisk-right\"><label for='ff_3_names_first_name_' id='label_ff_3_names_first_name_' >Name<\/label><\/div><div class='ff-el-input--content'><input type=\"text\" name=\"names[first_name]\" id=\"ff_3_names_first_name_\" class=\"ff-el-form-control\" placeholder=\"Ihr Name\" aria-invalid=\"false\" aria-required=false><\/div><\/div><\/div><\/div><\/div><div class='ff-el-group'><div class=\"ff-el-input--label ff-el-is-required asterisk-right\"><label for='ff_3_email' id='label_ff_3_email' aria-label=\"E-Mail\">E-Mail<\/label><\/div><div class='ff-el-input--content'><input type=\"email\" name=\"email\" id=\"ff_3_email\" class=\"ff-el-form-control\" placeholder=\"Ihre E-Mail\" data-name=\"email\"  aria-invalid=\"false\" aria-required=true><\/div><\/div><div class='ff-el-group'><div class=\"ff-el-input--label ff-el-is-required asterisk-right\"><label for='ff_3_numeric_field' id='label_ff_3_numeric_field' aria-label=\"Handynummer\">Handynummer<\/label><\/div><div class='ff-el-input--content'><input type=\"number\" name=\"numeric_field\" id=\"ff_3_numeric_field\" class=\"ff-el-form-control\" placeholder=\"Ihre Handynummer\" data-name=\"numeric_field\" inputmode=\"numeric\" step=\"any\"  aria-invalid=\"false\" aria-required=true><\/div><\/div><div class='ff-el-group'><div class=\"ff-el-input--label asterisk-right\"><label for='ff_3_dropdown' id='label_ff_3_dropdown' aria-label=\"Welches K\u00fcchenstudio darf es sein?\">Welches K\u00fcchenstudio darf es sein?<\/label><\/div><div class='ff-el-input--content'><select name=\"dropdown\" id=\"ff_3_dropdown\" class=\"ff-el-form-control\" data-name=\"dropdown\" data-calc_value=\"0\"  aria-invalid=\"false\" aria-required=\"false\" aria-labelledby=\"label_ff_3_dropdown\"><option value=\"\">- Bitte ausw\u00e4hlen -<\/option><option value=\"Aschaffenburg\"  >Aschaffenburg<\/option><option value=\"Oberursel\"  >Oberursel<\/option><\/select><\/div><\/div><div class='ff-el-group'><div class=\"ff-el-input--label asterisk-right\"><label for='ff_3_message' id='label_ff_3_message' aria-label=\"Haben Sie Fragen?\">Haben Sie Fragen?<\/label><\/div><div class='ff-el-input--content'><textarea aria-required=\"false\" aria-labelledby=\"label_ff_3_message\" name=\"message\" id=\"ff_3_message\" class=\"ff-el-form-control\" placeholder=\"Ihre Frage oder Anmerkungen\" rows=\"4\" cols=\"2\" data-name=\"message\" ><\/textarea><\/div><\/div><div class='ff-el-group    ff-el-input--content'><div class='ff-el-form-check ff-el-tc'><label aria-label='Terms and Conditions: Ich bin damit einverstanden, dass diese Website meine eingereichten Informationen speichert, damit auf meine Anfrage geantwortet werden kann. Alle Infos lesen Sie unter Datenschutz. Contains 1 link. Use tab navigation to review.' class='ff-el-form-check-label ff_tc_label' for=gdpr-agreement_5b26f2fe1e6001ffd679c4b907d35c25><span class='ff_tc_checkbox'><input type=\"checkbox\" name=\"gdpr-agreement\" class=\"ff-el-form-check-input ff_gdpr_field\" data-name=\"gdpr-agreement\" id=\"gdpr-agreement_5b26f2fe1e6001ffd679c4b907d35c25\"  value='on' aria-invalid='false' aria-required=true><\/span> <div class='ff_t_c'>Ich bin damit einverstanden, dass diese Website meine eingereichten Informationen speichert, damit auf meine Anfrage geantwortet werden kann. Alle Infos lesen Sie unter <a href=\"https:\/\/kuechen.life\/datenschutz\/\">Datenschutz<\/a>.<\/div><\/label><\/div><\/div><div class='ff-el-group ff-text-left ff_submit_btn_wrapper'><button type=\"submit\" class=\"ff-btn ff-btn-submit ff-btn-md ff_btn_style wpf_has_custom_css\"  aria-label=\"Senden\">Senden<\/button><\/div><\/fieldset><\/form><div id='fluentform_3_errors' class='ff-errors-in-stack ff_form_instance_3_1 ff-form-loading_errors ff_form_instance_3_1_errors'><\/div><\/div>            <script type=\"text\/javascript\">\n                window.fluent_form_ff_form_instance_3_1 = {\"id\":\"3\",\"ajaxUrl\":\"https:\\\/\\\/kuechen.life\\\/wp-admin\\\/admin-ajax.php\",\"settings\":{\"layout\":{\"labelPlacement\":\"top\",\"helpMessagePlacement\":\"with_label\",\"errorMessagePlacement\":\"inline\",\"cssClassName\":\"\",\"asteriskPlacement\":\"asterisk-right\"},\"restrictions\":{\"denyEmptySubmission\":{\"enabled\":false}}},\"form_instance\":\"ff_form_instance_3_1\",\"form_id_selector\":\"fluentform_3\",\"rules\":{\"names[first_name]\":{\"required\":{\"value\":false,\"message\":\"Dieses Feld ist erforderlich\",\"global\":true,\"global_message\":\"Dieses Feld ist erforderlich\"}},\"names[middle_name]\":{\"required\":{\"value\":false,\"message\":\"Dieses Feld ist erforderlich\",\"global\":true,\"global_message\":\"Dieses Feld ist erforderlich\"}},\"names[last_name]\":{\"required\":{\"value\":false,\"message\":\"Dieses Feld ist erforderlich\",\"global\":true,\"global_message\":\"Dieses Feld ist erforderlich\"}},\"email\":{\"required\":{\"value\":true,\"message\":\"Dieses Feld ist erforderlich\",\"global\":true,\"global_message\":\"Dieses Feld ist erforderlich\"},\"email\":{\"value\":true,\"message\":\"Dieses Feld muss eine g\\u00fcltige E-Mail-Adresse enthalten\",\"global\":true,\"global_message\":\"Dieses Feld muss eine g\\u00fcltige E-Mail-Adresse enthalten\"}},\"numeric_field\":{\"required\":{\"value\":true,\"message\":\"Dieses Feld ist erforderlich\",\"global_message\":\"Dieses Feld ist erforderlich\",\"global\":true},\"numeric\":{\"value\":true,\"message\":\"Dieses Feld muss einen numerischen Wert enthalten\",\"global_message\":\"Dieses Feld muss einen numerischen Wert enthalten\",\"global\":true},\"min\":{\"value\":\"\",\"message\":\"Validierung des Mindestwerts schl\\u00e4gt fehl\",\"global_message\":\"Validierung des Mindestwerts schl\\u00e4gt fehl\",\"global\":true},\"max\":{\"value\":\"\",\"message\":\"Validierung schl\\u00e4gt bei Maximalwert fehl\",\"global_message\":\"Validierung schl\\u00e4gt bei Maximalwert fehl\",\"global\":true},\"digits\":{\"value\":\"\",\"message\":\"Validierung schl\\u00e4gt bei begrenzten Ziffern fehl\",\"global_message\":\"Validierung schl\\u00e4gt bei begrenzten Ziffern fehl\",\"global\":true}},\"dropdown\":{\"required\":{\"value\":false,\"message\":\"Dieses Feld ist erforderlich\",\"global_message\":\"Dieses Feld ist erforderlich\",\"global\":true}},\"message\":{\"required\":{\"value\":false,\"message\":\"Dieses Feld ist erforderlich\",\"global\":true,\"global_message\":\"Dieses Feld ist erforderlich\"}},\"gdpr-agreement\":{\"required\":{\"value\":true,\"message\":\"Dieses Feld ist erforderlich\",\"global_message\":\"Dieses Feld ist erforderlich\",\"global\":true}}},\"debounce_time\":300};\n                            <\/script>\n            \n\n\t\t<\/div>\n\t\t\t\t\n<style>\n#col-1252043935 > .col-inner {\n  padding: 30px 30px 30px 30px;\n}\n<\/style>\n\t<\/div>\n\n\t\n\n\t<div id=\"col-1313454959\" class=\"col medium-5 small-12 large-5\"  >\n\t\t\t\t<div class=\"col-inner dark\" style=\"background-color:#4ea3b7;\" >\n\t\t\t\n\t\t\t\n<div class=\"row row-collapse align-middle\"  id=\"row-1206324839\">\n\n\t<div id=\"col-30103101\" class=\"col medium-3 small-12 large-3\"  >\n\t\t\t\t<div class=\"col-inner\"  >\n\t\t\t\n\t\t\t\n\t<div class=\"img has-hover img-circle x md-x lg-x y md-y lg-y\" id=\"image_1981277839\">\n\t\t\t\t\t\t\t\t<div class=\"img-inner image-cover dark\" style=\"padding-top:100%;\">\n\t\t\t<img decoding=\"async\" width=\"1693\" height=\"2000\" src=\"https:\/\/kuechen.life\/wp-content\/uploads\/2025\/07\/FatosGoekhan-Inhaber-4x3-1.jpg\" class=\"attachment-original size-original\" alt=\"\" srcset=\"https:\/\/kuechen.life\/wp-content\/uploads\/2025\/07\/FatosGoekhan-Inhaber-4x3-1.jpg 1693w, https:\/\/kuechen.life\/wp-content\/uploads\/2025\/07\/FatosGoekhan-Inhaber-4x3-1-254x300.jpg 254w, https:\/\/kuechen.life\/wp-content\/uploads\/2025\/07\/FatosGoekhan-Inhaber-4x3-1-867x1024.jpg 867w, https:\/\/kuechen.life\/wp-content\/uploads\/2025\/07\/FatosGoekhan-Inhaber-4x3-1-768x907.jpg 768w, https:\/\/kuechen.life\/wp-content\/uploads\/2025\/07\/FatosGoekhan-Inhaber-4x3-1-1300x1536.jpg 1300w\" sizes=\"(max-width: 1693px) 100vw, 1693px\" \/>\t\t\t\t\t\t\n\t\t\t\t\t<\/div>\n\t\t\t\t\t\t\t\t\n<style>\n#image_1981277839 {\n  width: 100%;\n}\n<\/style>\n\t<\/div>\n\t\n\t\t<\/div>\n\t\t\t\t\t<\/div>\n\n\t\n\n\t<div id=\"col-235503267\" class=\"col medium-9 small-12 large-9\"  >\n\t\t\t\t<div class=\"col-inner\"  >\n\t\t\t\n\t\t\t\n\t<div id=\"text-2814402897\" class=\"text\">\n\t\t\n<h4><span style=\"color: #ffffff;\">Familie Calik<\/span><\/h4>\n<p><span style=\"color: #ffffff;\">Gesch\u00e4ftsf\u00fchrung<\/span><\/p>\n\t\t\n<style>\n#text-2814402897 {\n  color: rgb(255, 255, 255);\n}\n#text-2814402897 > * {\n  color: rgb(255, 255, 255);\n}\n<\/style>\n\t<\/div>\n\t\n\t\t<\/div>\n\t\t\t\t\n<style>\n#col-235503267 > .col-inner {\n  padding: 0px 0px 0px 20px;\n}\n<\/style>\n\t<\/div>\n\n\t\n<\/div>\n<div class=\"is-divider divider clearfix\" style=\"max-width:100%;height:1px;background-color:rgb(255, 255, 255);\"><\/div>\n\t<div id=\"text-4129768029\" class=\"text\">\n\t\t\n<h3><span style=\"color: #ffffff;\">Das erwartet Sie:<\/span><\/h3>\n<p><span style=\"color: #ffffff;\">Unsere K\u00fcchenexperten setzen sich mit Ihnen zusammen und planen gemeinsam mit Ihnen Ihre Traumk\u00fcche. Dabei wird auf all Ihre Fragen &amp; W\u00fcnsche eingegangen.<\/span><\/p>\n<ul>\n<li><span style=\"color: #ffffff;\">Sie sehen Live auf dem Bildschirm Ihre Traumk\u00fcche in 3D<\/span><\/li>\n<li><span style=\"color: #ffffff;\">Wir gehen genauestens auf Ihre W\u00fcnsche ein und zeigen Ihnen was wir f\u00fcr Sie in Ihrem Zuhause machen k\u00f6nnen<\/span><\/li>\n<li><span style=\"color: #ffffff;\">Sie w\u00e4hlen Gemeinsam mit uns Ihre Marken, Materialien und Farben aus<\/span><\/li>\n<\/ul>\n\t\t\n<style>\n#text-4129768029 {\n  color: rgb(255, 255, 255);\n}\n#text-4129768029 > * {\n  color: rgb(255, 255, 255);\n}\n<\/style>\n\t<\/div>\n\t\n<div class=\"row\"  id=\"row-1008666484\">\n\n\t<div id=\"col-1986605961\" class=\"col small-12 large-12\"  >\n\t\t\t\t<div class=\"col-inner text-center\"  >\n\t\t\t\n\t\t\t\n\t<div class=\"img has-hover x md-x lg-x y md-y lg-y\" id=\"image_14662868\">\n\t\t\t\t\t\t\t\t<div class=\"img-inner dark\" >\n\t\t\t\t\t\t\t\t\t\n\t\t\t\t\t<\/div>\n\t\t\t\t\t\t\t\t\n<style>\n#image_14662868 {\n  width: 50%;\n}\n<\/style>\n\t<\/div>\n\t\n\t\t<\/div>\n\t\t\t\t\t<\/div>\n\n\t\n<\/div>\n\t\t<\/div>\n\t\t\t\t\n<style>\n#col-1313454959 > .col-inner {\n  padding: 30px 30px 30px 30px;\n}\n<\/style>\n\t<\/div>\n\n\t\n<\/div>\n\t\t<\/div>\n\t\t\t\t\t<\/div>\n\n\t\n<\/div>\n\t\t<\/div>\n\n\t\t\n<style>\n#section_470449120 {\n  padding-top: 120px;\n  padding-bottom: 120px;\n  background-color: rgb(240, 240, 240);\n}\n<\/style>\n\t<\/section>\n\t\n","protected":false},"excerpt":{"rendered":"","protected":false},"author":6,"featured_media":0,"parent":0,"menu_order":0,"comment_status":"closed","ping_status":"closed","template":"page-blank.php","meta":{"footnotes":""},"class_list":["post-23","page","type-page","status-publish","hentry"],"_links":{"self":[{"href":"https:\/\/kuechen.life\/en\/wp-json\/wp\/v2\/pages\/23","targetHints":{"allow":["GET"]}}],"collection":[{"href":"https:\/\/kuechen.life\/en\/wp-json\/wp\/v2\/pages"}],"about":[{"href":"https:\/\/kuechen.life\/en\/wp-json\/wp\/v2\/types\/page"}],"author":[{"embeddable":true,"href":"https:\/\/kuechen.life\/en\/wp-json\/wp\/v2\/users\/6"}],"replies":[{"embeddable":true,"href":"https:\/\/kuechen.life\/en\/wp-json\/wp\/v2\/comments?post=23"}],"version-history":[{"count":14,"href":"https:\/\/kuechen.life\/en\/wp-json\/wp\/v2\/pages\/23\/revisions"}],"predecessor-version":[{"id":2354,"href":"https:\/\/kuechen.life\/en\/wp-json\/wp\/v2\/pages\/23\/revisions\/2354"}],"wp:attachment":[{"href":"https:\/\/kuechen.life\/en\/wp-json\/wp\/v2\/media?parent=23"}],"curies":[{"name":"wp","href":"https:\/\/api.w.org\/{rel}","templated":true}]}}