{"id":440,"date":"2024-09-02T20:01:08","date_gmt":"2024-09-02T18:01:08","guid":{"rendered":"https:\/\/kuechen.life\/?page_id=440"},"modified":"2025-06-13T13:22:58","modified_gmt":"2025-06-13T11:22:58","slug":"kuechenhersteller","status":"publish","type":"page","link":"https:\/\/kuechen.life\/en\/kuechenhersteller\/","title":{"rendered":"K\u00fcchenhersteller"},"content":{"rendered":"<div class=\"banner has-hover bg-gradient\" id=\"banner-1612367326\">\n          <div class=\"banner-inner fill\">\n        <div class=\"banner-bg fill\" >\n            <img decoding=\"async\" width=\"2000\" height=\"1416\" src=\"https:\/\/kuechen.life\/wp-content\/uploads\/2025\/05\/Nobilia-Senso-Inselkueche-L-Form-Dunkelgrau.jpg\" class=\"bg attachment-original size-original\" alt=\"\" \/>                        <div class=\"overlay\"><\/div>            \n                    <\/div>\n\t\t\n        <div class=\"banner-layers container\">\n            <div class=\"fill banner-link\"><\/div>            \n   <div id=\"text-box-1939250786\" class=\"text-box banner-layer text-shadow x50 md-x50 lg-x50 y50 md-y50 lg-y50 res-text\">\n                                <div class=\"text-box-content text dark\">\n              \n              <div class=\"text-inner text-center\">\n                  \n\t<div id=\"text-3437969811\" class=\"text\">\n\t\t\n<p><span style=\"color: #ffffff;\">Unsere hochwertigen K\u00fcchenmarken:<\/span><\/p>\n\t\t\n<style>\n#text-3437969811 {\n  color: rgb(255, 255, 255);\n}\n#text-3437969811 > * {\n  color: rgb(255, 255, 255);\n}\n<\/style>\n\t<\/div>\n\t\n\t<div id=\"text-1480753801\" class=\"text\">\n\t\t\n<h1>K\u00fcchenhersteller<\/h1>\n\t\t\n<style>\n#text-1480753801 {\n  text-align: center;\n}\n<\/style>\n\t<\/div>\n\t\n              <\/div>\n           <\/div>\n                            \n<style>\n#text-box-1939250786 {\n  width: 60%;\n}\n#text-box-1939250786 .text-box-content {\n  font-size: 100%;\n}\n<\/style>\n    <\/div>\n \n        <\/div>\n      <\/div>\n\n            \n<style>\n#banner-1612367326 {\n  padding-top: 55vh;\n}\n#banner-1612367326 .overlay {\n  background-color: rgba(0, 0, 0, 0.302);\n}\n#banner-1612367326 .banner-bg img {\n  object-position: 49% 68%;\n}\n<\/style>\n  <\/div>\n\n\n\n\t<section class=\"section\" id=\"section_1234820702\">\n\t\t<div class=\"section-bg fill\" >\n\t\t\t\t\t\t\t\t\t\n\t\t\t\n\n\t\t<\/div>\n\n\t\t\n\n\t\t<div class=\"section-content relative\">\n\t\t\t\n<div class=\"row align-center\"  id=\"row-885360926\">\n\n\t<div id=\"col-1363265526\" class=\"col medium-10 small-12 large-10\"  >\n\t\t\t\t<div class=\"col-inner\"  >\n\t\t\t\n\t\t\t\n\t<div id=\"gap-347919700\" class=\"gap-element clearfix\" style=\"display:block; height:auto;\">\n\t\t\n<style>\n#gap-347919700 {\n  padding-top: 30px;\n}\n<\/style>\n\t<\/div>\n\t\n\t<div id=\"text-2139626546\" class=\"text\">\n\t\t\n<h4>Entdecken Sie unsere K\u00fcchenmarken<\/h4>\n\t\t\n<style>\n#text-2139626546 {\n  font-size: 2.25rem;\n  text-align: left;\n  color: rgb(255,255,255);\n}\n#text-2139626546 > * {\n  color: rgb(255,255,255);\n}\n<\/style>\n\t<\/div>\n\t\n\t<div id=\"gap-207205948\" class=\"gap-element clearfix\" style=\"display:block; height:auto;\">\n\t\t\n<style>\n#gap-207205948 {\n  padding-top: 20px;\n}\n<\/style>\n\t<\/div>\n\t\n\t<div id=\"text-4187262475\" class=\"text\">\n\t\t\n<p>Bei Life K\u00fcchen setzen wir auf hochwertige K\u00fcchenl\u00f6sungen renommierter deutscher Hersteller wie nobilia und Nolte K\u00fcchen. Diese Marken stehen f\u00fcr langlebige Qualit\u00e4t, moderne Designs und clevere Funktionalit\u00e4t \u2013 und das zu einem herausragenden Preis-Leistungs-Verh\u00e4ltnis. Unser K\u00fcchenstudio bietet Ihnen ma\u00dfgeschneiderte Markenk\u00fcchen, die nicht nur optisch \u00fcberzeugen, sondern auch in puncto Alltagstauglichkeit und Ausstattung h\u00f6chste Anspr\u00fcche erf\u00fcllen.<\/p>\n\t\t\n<style>\n#text-4187262475 {\n  text-align: left;\n  color: rgb(255,255,255);\n}\n#text-4187262475 > * {\n  color: rgb(255,255,255);\n}\n<\/style>\n\t<\/div>\n\t\n\t\t<\/div>\n\t\t\t\t\t<\/div>\n\n\t\n<\/div>\n\t\t<\/div>\n\n\t\t\n<style>\n#section_1234820702 {\n  padding-top: 30px;\n  padding-bottom: 30px;\n  background-color: #4ea3b7;\n}\n<\/style>\n\t<\/section>\n\t\n\n\t<section class=\"section\" id=\"section_1640734397\">\n\t\t<div class=\"section-bg fill\" >\n\t\t\t\t\t\t\t\t\t\n\t\t\t\n\n\t\t<\/div>\n\n\t\t\n\n\t\t<div class=\"section-content relative\">\n\t\t\t\n<div class=\"row align-middle\"  id=\"row-1548017007\">\n\n\t<div id=\"col-1022067201\" class=\"col medium-12 small-12 large-6\"  >\n\t\t\t\t<div class=\"col-inner\"  >\n\t\t\t\n\t\t\t\n\t<div id=\"text-2066331322\" class=\"text\">\n\t\t\n<h3 class=\"highlight-border\">Nobilia<\/h3>\n\t\t\n<style>\n#text-2066331322 {\n  text-align: left;\n}\n<\/style>\n\t<\/div>\n\t\n\t<div id=\"gap-1363185013\" class=\"gap-element clearfix\" style=\"display:block; height:auto;\">\n\t\t\n<style>\n#gap-1363185013 {\n  padding-top: 10px;\n}\n<\/style>\n\t<\/div>\n\t\n\t<div id=\"text-3464932341\" class=\"text\">\n\t\t\n<p>nobilia ist Europas gr\u00f6\u00dfter K\u00fcchenhersteller und steht f\u00fcr h\u00f6chste Qualit\u00e4t zu \u201eMade in Germany\u201c-Standards. nobilia begeistert weltweit mit durchdachten K\u00fcchenl\u00f6sungen, modernem Design und immer neuen Innovationen. Als renommierte K\u00fcchenhersteller verbindet nobilia Innovation, Flexibilit\u00e4t und Funktionalit\u00e4t \u2013 ideal f\u00fcr Kundinnen und Kunden mit individuellen W\u00fcnschen. Ein besonderes Highlight: das hauseigene Pr\u00fcflabor, mit dem nobilia konsequent eine Null-Fehler-Strategie verfolgt. So entstehen K\u00fcchen, die in puncto Qualit\u00e4t, Haltbarkeit und Pr\u00e4zision neue Ma\u00dfst\u00e4be setzen. Dank eines attraktiven Preis-Leistungs-Verh\u00e4ltnisses ist nobilia besonders beliebt im oberen Einstiegsbereich bis mittleren Preissegment \u2013 und damit die perfekte Wahl f\u00fcr alle, die Wert auf zuverl\u00e4ssige Markenqualit\u00e4t legen.<\/p>\n\t\t\n<style>\n#text-3464932341 {\n  text-align: left;\n}\n<\/style>\n\t<\/div>\n\t\n\t<div id=\"gap-458441395\" class=\"gap-element clearfix\" style=\"display:block; height:auto;\">\n\t\t\n<style>\n#gap-458441395 {\n  padding-top: 15px;\n}\n<\/style>\n\t<\/div>\n\t\n\t<div id=\"gap-2110621082\" class=\"gap-element clearfix\" style=\"display:block; height:auto;\">\n\t\t\n<style>\n#gap-2110621082 {\n  padding-top: 15px;\n}\n<\/style>\n\t<\/div>\n\t\n<a class=\"button primary\"  >\n\t\t<span>Bald mehr<\/span>\n\t<i class=\"icon-angle-right\" aria-hidden=\"true\" ><\/i><\/a>\n\n\t\t<\/div>\n\t\t\t\t\n<style>\n#col-1022067201 > .col-inner {\n  padding: 0px 0px 0px 0px;\n}\n@media (min-width:550px) {\n  #col-1022067201 > .col-inner {\n    padding: 0px 15px 0px 0px;\n  }\n}\n<\/style>\n\t<\/div>\n\n\t\n\n\t<div id=\"col-1206380494\" class=\"col medium-12 small-12 large-6 medium-col-first\"  >\n\t\t\t\t<div class=\"col-inner\"  >\n\t\t\t\n\t\t\t\n\n  <div class=\"banner has-hover\" id=\"banner-318177942\">\n          <div class=\"banner-inner fill\">\n        <div class=\"banner-bg fill\" >\n            <img decoding=\"async\" width=\"1920\" height=\"914\" src=\"https:\/\/kuechen.life\/wp-content\/uploads\/2025\/05\/Nobilia-moderne-Inselkueche-weiss-matt-3.jpg\" class=\"bg attachment-original size-original\" alt=\"\" \/>                                    \n                    <\/div>\n\t\t\n        <div class=\"banner-layers container\">\n            <div class=\"fill banner-link\"><\/div>            \n   <div id=\"text-box-1678303952\" class=\"text-box banner-layer x95 md-x95 lg-x95 y95 md-y95 lg-y95 res-text\">\n                                <div class=\"text-box-content text dark\">\n              \n              <div class=\"text-inner text-right\">\n                  \n\t<div class=\"img has-hover x md-x lg-x y md-y lg-y\" id=\"image_1634027872\">\n\t\t\t\t\t\t\t\t<div class=\"img-inner dark\" >\n\t\t\t\t\t\t\t\t\t\n\t\t\t\t\t<\/div>\n\t\t\t\t\t\t\t\t\n<style>\n#image_1634027872 {\n  width: 44%;\n}\n<\/style>\n\t<\/div>\n\t\n              <\/div>\n           <\/div>\n                            \n<style>\n#text-box-1678303952 {\n  width: 60%;\n}\n#text-box-1678303952 .text-box-content {\n  font-size: 100%;\n}\n<\/style>\n    <\/div>\n \n   <div id=\"text-box-1797384188\" class=\"text-box banner-layer x5 md-x5 lg-x5 y95 md-y95 lg-y95 res-text\">\n                                <div class=\"text-box-content text dark\">\n              \n              <div class=\"text-inner text-center\">\n                  \n\t<div class=\"img has-hover x md-x lg-x y md-y lg-y\" id=\"image_1882831419\">\n\t\t\t\t\t\t\t\t<div class=\"img-inner dark\" >\n\t\t\t<img decoding=\"async\" width=\"800\" height=\"400\" src=\"https:\/\/kuechen.life\/wp-content\/uploads\/2024\/08\/Nobilia-Kuechen-Logo.png\" class=\"attachment-large size-large\" alt=\"\" srcset=\"https:\/\/kuechen.life\/wp-content\/uploads\/2024\/08\/Nobilia-Kuechen-Logo.png 800w, https:\/\/kuechen.life\/wp-content\/uploads\/2024\/08\/Nobilia-Kuechen-Logo-300x150.png 300w, https:\/\/kuechen.life\/wp-content\/uploads\/2024\/08\/Nobilia-Kuechen-Logo-768x384.png 768w\" sizes=\"(max-width: 800px) 100vw, 800px\" \/>\t\t\t\t\t\t\n\t\t\t\t\t<\/div>\n\t\t\t\t\t\t\t\t\n<style>\n#image_1882831419 {\n  width: 100%;\n}\n<\/style>\n\t<\/div>\n\t\n              <\/div>\n           <\/div>\n                            \n<style>\n#text-box-1797384188 .text-box-content {\n  background-color: rgba(255, 255, 255, 0.9);\n  font-size: 100%;\n}\n#text-box-1797384188 {\n  width: 45%;\n}\n<\/style>\n    <\/div>\n \n        <\/div>\n      <\/div>\n\n            \n<style>\n#banner-318177942 {\n  padding-top: 325px;\n}\n#banner-318177942 .banner-bg img {\n  object-position: 22% 62%;\n}\n@media (min-width:550px) {\n  #banner-318177942 {\n    padding-top: 425px;\n  }\n}\n@media (min-width:850px) {\n  #banner-318177942 {\n    padding-top: 625px;\n  }\n}\n<\/style>\n  <\/div>\n\n\n\t\t<\/div>\n\t\t\t\t\t<\/div>\n\n\t\n<\/div>\n\t<div id=\"gap-383530466\" class=\"gap-element clearfix\" style=\"display:block; height:auto;\">\n\t\t\n<style>\n#gap-383530466 {\n  padding-top: 20px;\n}\n@media (min-width:550px) {\n  #gap-383530466 {\n    padding-top: 50px;\n  }\n}\n<\/style>\n\t<\/div>\n\t\n<div class=\"row align-middle\"  id=\"row-773616690\">\n\n\t<div id=\"col-999639865\" class=\"col medium-12 small-12 large-6\"  >\n\t\t\t\t<div class=\"col-inner\"  >\n\t\t\t\n\t\t\t\n\n  <div class=\"banner has-hover\" id=\"banner-1391429922\">\n          <div class=\"banner-inner fill\">\n        <div class=\"banner-bg fill\" >\n            <img decoding=\"async\" width=\"1800\" height=\"771\" src=\"https:\/\/kuechen.life\/wp-content\/uploads\/2025\/05\/Nolte-moderne-L-Kueche-matt-Arcticweiss-grifflos.jpg\" class=\"bg attachment-original size-original\" alt=\"\" \/>                                    \n                    <\/div>\n\t\t\n        <div class=\"banner-layers container\">\n            <div class=\"fill banner-link\"><\/div>            \n   <div id=\"text-box-1887507248\" class=\"text-box banner-layer x5 md-x5 lg-x5 y95 md-y95 lg-y95 res-text\">\n                                <div class=\"text-box-content text dark\">\n              \n              <div class=\"text-inner text-left\">\n                  \n\t<div class=\"img has-hover x md-x lg-x y md-y lg-y\" id=\"image_2041877494\">\n\t\t\t\t\t\t\t\t<div class=\"img-inner dark\" >\n\t\t\t\t\t\t\t\t\t\n\t\t\t\t\t<\/div>\n\t\t\t\t\t\t\t\t\n<style>\n#image_2041877494 {\n  width: 44%;\n}\n<\/style>\n\t<\/div>\n\t\n              <\/div>\n           <\/div>\n                            \n<style>\n#text-box-1887507248 {\n  width: 60%;\n}\n#text-box-1887507248 .text-box-content {\n  font-size: 100%;\n}\n<\/style>\n    <\/div>\n \n   <div id=\"text-box-1631212667\" class=\"text-box banner-layer x95 md-x95 lg-x95 y95 md-y95 lg-y95 res-text\">\n                                <div class=\"text-box-content text dark\">\n              \n              <div class=\"text-inner text-center\">\n                  \n\t<div class=\"img has-hover x md-x lg-x y md-y lg-y\" id=\"image_739567177\">\n\t\t\t\t\t\t\t\t<div class=\"img-inner dark\" >\n\t\t\t<img decoding=\"async\" width=\"800\" height=\"400\" src=\"https:\/\/kuechen.life\/wp-content\/uploads\/2024\/08\/Nolte-Kuechen-Logo.png\" class=\"attachment-large size-large\" alt=\"\" srcset=\"https:\/\/kuechen.life\/wp-content\/uploads\/2024\/08\/Nolte-Kuechen-Logo.png 800w, https:\/\/kuechen.life\/wp-content\/uploads\/2024\/08\/Nolte-Kuechen-Logo-300x150.png 300w, https:\/\/kuechen.life\/wp-content\/uploads\/2024\/08\/Nolte-Kuechen-Logo-768x384.png 768w\" sizes=\"(max-width: 800px) 100vw, 800px\" \/>\t\t\t\t\t\t\n\t\t\t\t\t<\/div>\n\t\t\t\t\t\t\t\t\n<style>\n#image_739567177 {\n  width: 100%;\n}\n<\/style>\n\t<\/div>\n\t\n              <\/div>\n           <\/div>\n                            \n<style>\n#text-box-1631212667 .text-box-content {\n  background-color: rgba(255, 255, 255, 0.9);\n  font-size: 100%;\n}\n#text-box-1631212667 {\n  width: 44%;\n}\n<\/style>\n    <\/div>\n \n        <\/div>\n      <\/div>\n\n            \n<style>\n#banner-1391429922 {\n  padding-top: 325px;\n}\n#banner-1391429922 .banner-bg img {\n  object-position: 48% 83%;\n}\n@media (min-width:550px) {\n  #banner-1391429922 {\n    padding-top: 425px;\n  }\n}\n@media (min-width:850px) {\n  #banner-1391429922 {\n    padding-top: 625px;\n  }\n}\n<\/style>\n  <\/div>\n\n\n\t\t<\/div>\n\t\t\t\t\t<\/div>\n\n\t\n\n\t<div id=\"col-1736539222\" class=\"col medium-12 small-12 large-6\"  >\n\t\t\t\t<div class=\"col-inner\"  >\n\t\t\t\n\t\t\t\n\t<div id=\"text-3149126328\" class=\"text\">\n\t\t\n<h3 class=\"highlight-border\">Nolte K\u00fcchen<\/h3>\n\t\t\n<style>\n#text-3149126328 {\n  text-align: left;\n}\n<\/style>\n\t<\/div>\n\t\n\t<div id=\"gap-890852913\" class=\"gap-element clearfix\" style=\"display:block; height:auto;\">\n\t\t\n<style>\n#gap-890852913 {\n  padding-top: 10px;\n}\n<\/style>\n\t<\/div>\n\t\n\t<div id=\"text-2612625299\" class=\"text\">\n\t\t\n<p>Nolte K\u00fcchen: Deutschlands beliebtester K\u00fcchenhersteller f\u00fcr Design, Vielfalt &amp; Ergonomie. Nolte K\u00fcchen z\u00e4hlt zu den beliebtesten K\u00fcchenmarken in Deutschland \u2013 und das aus gutem Grund.<\/p>\n<p>Bei jedem K\u00fcchenkonzept trifft pr\u00e4zise Handwerkskunst auf moderne Fertigungstechnologie. Das Ergebnis: langlebige, stilvolle K\u00fcchen \u201eMade in Germany\u201c, die h\u00f6chsten Qualit\u00e4tsstandards entsprechen. Dank einer gro\u00dfen Auswahl an Farben, Materialien und Dekoren lassen sich Nolte K\u00fcchen perfekt an jeden Wohnstil und jede Raumsituation anpassen. Die Kombination aus Flexibilit\u00e4t und Design macht jede K\u00fcche zu einem Unikat.<\/p>\n<p>Ein besonderes Highlight ist das Nolte-Rasterma\u00df, das durchdachte L\u00f6sungen f\u00fcr mehr Ergonomie, Stauraum und Individualit\u00e4t bietet. Wer das gewisse Extra sucht, findet es in der exklusiven Produktlinie Nolte Neo f\u00fcr besonders hochwertige und architektonisch anspruchsvolle K\u00fcchenkonzepte.<\/p>\n\t\t\n<style>\n#text-2612625299 {\n  text-align: left;\n}\n<\/style>\n\t<\/div>\n\t\n\t<div id=\"gap-162015083\" class=\"gap-element clearfix\" style=\"display:block; height:auto;\">\n\t\t\n<style>\n#gap-162015083 {\n  padding-top: 15px;\n}\n<\/style>\n\t<\/div>\n\t\n<a class=\"button primary\"  >\n\t\t<span>Bald mehr<\/span>\n\t<i class=\"icon-angle-right\" aria-hidden=\"true\" ><\/i><\/a>\n\n\t\t<\/div>\n\t\t\t\t\n<style>\n#col-1736539222 > .col-inner {\n  padding: 0px 0px 0px 0px;\n}\n@media (min-width:550px) {\n  #col-1736539222 > .col-inner {\n    padding: 0px 0px 0px 15px;\n  }\n}\n<\/style>\n\t<\/div>\n\n\t\n<\/div>\n\t<div id=\"gap-378869940\" class=\"gap-element clearfix\" style=\"display:block; height:auto;\">\n\t\t\n<style>\n#gap-378869940 {\n  padding-top: 20px;\n}\n@media (min-width:550px) {\n  #gap-378869940 {\n    padding-top: 50px;\n  }\n}\n<\/style>\n\t<\/div>\n\t\n<div class=\"row\"  id=\"row-919417034\">\n\n\t<div id=\"col-1549826908\" class=\"col small-12 large-12\"  >\n\t\t\t\t<div class=\"col-inner\"  >\n\t\t\t\n\t\t\t\n<h3>Sie haben die Wahl<\/h3>\n<p>Welcher K\u00fcchenhersteller ist der Richtige f\u00fcr Sie? Gerne helfen wir Ihnen bei der Auswahl der f\u00fcr Sie richtigen K\u00fcchenmarke. Vereinbaren Sie jetzt ganz einfach einen Termin f\u00fcr ein kostenloses<a href=\"https:\/\/kuechen.life\/en\/beratungstermin\/\"> Beratungsgespr\u00e4ch<\/a> mit uns.<\/p>\n\t\t<\/div>\n\t\t\t\t\n<style>\n#col-1549826908 > .col-inner {\n  padding: 0px 0px 0px 15px;\n}\n<\/style>\n\t<\/div>\n\n\t\n<\/div>\n\t\t<\/div>\n\n\t\t\n<style>\n#section_1640734397 {\n  padding-top: 30px;\n  padding-bottom: 30px;\n}\n@media (min-width:550px) {\n  #section_1640734397 {\n    padding-top: 80px;\n    padding-bottom: 80px;\n  }\n}\n<\/style>\n\t<\/section>","protected":false},"excerpt":{"rendered":"","protected":false},"author":6,"featured_media":0,"parent":0,"menu_order":0,"comment_status":"closed","ping_status":"closed","template":"page-blank.php","meta":{"footnotes":""},"class_list":["post-440","page","type-page","status-publish","hentry"],"_links":{"self":[{"href":"https:\/\/kuechen.life\/en\/wp-json\/wp\/v2\/pages\/440","targetHints":{"allow":["GET"]}}],"collection":[{"href":"https:\/\/kuechen.life\/en\/wp-json\/wp\/v2\/pages"}],"about":[{"href":"https:\/\/kuechen.life\/en\/wp-json\/wp\/v2\/types\/page"}],"author":[{"embeddable":true,"href":"https:\/\/kuechen.life\/en\/wp-json\/wp\/v2\/users\/6"}],"replies":[{"embeddable":true,"href":"https:\/\/kuechen.life\/en\/wp-json\/wp\/v2\/comments?post=440"}],"version-history":[{"count":10,"href":"https:\/\/kuechen.life\/en\/wp-json\/wp\/v2\/pages\/440\/revisions"}],"predecessor-version":[{"id":2180,"href":"https:\/\/kuechen.life\/en\/wp-json\/wp\/v2\/pages\/440\/revisions\/2180"}],"wp:attachment":[{"href":"https:\/\/kuechen.life\/en\/wp-json\/wp\/v2\/media?parent=440"}],"curies":[{"name":"wp","href":"https:\/\/api.w.org\/{rel}","templated":true}]}}