{"id":891,"date":"2024-10-15T12:03:35","date_gmt":"2024-10-15T10:03:35","guid":{"rendered":"https:\/\/kuechen.life\/?page_id=891"},"modified":"2025-07-03T16:13:39","modified_gmt":"2025-07-03T14:13:39","slug":"kuechen-angebote","status":"publish","type":"page","link":"https:\/\/kuechen.life\/en\/kuechen\/kuechen-angebote\/","title":{"rendered":"K\u00fcchen Angebote"},"content":{"rendered":"<div class=\"banner has-hover bg-gradient\" id=\"banner-1182450909\">\n          <div class=\"banner-inner fill\">\n        <div class=\"banner-bg fill\" >\n            <img decoding=\"async\" width=\"2000\" height=\"1334\" src=\"https:\/\/kuechen.life\/wp-content\/uploads\/2025\/06\/Nolte-moderne-Kuechenzeile-Eiche.jpg\" class=\"bg attachment-original size-original\" alt=\"Nolte moderne Kuechenzeile Eiche\" \/>                        <div class=\"overlay\"><\/div>            \n                    <\/div>\n\t\t\n        <div class=\"banner-layers container\">\n            <div class=\"fill banner-link\"><\/div>            \n   <div id=\"text-box-1463742841\" class=\"text-box banner-layer text-shadow x50 md-x50 lg-x50 y50 md-y50 lg-y50 res-text\">\n                                <div class=\"text-box-content text dark\">\n              \n              <div class=\"text-inner text-center\">\n                  \n\t<div id=\"text-1290812115\" class=\"text\">\n\t\t\n<h1>K\u00fcchenangebote<\/h1>\n\t\t\n<style>\n#text-1290812115 {\n  color: rgb(255,255,255);\n}\n#text-1290812115 > * {\n  color: rgb(255,255,255);\n}\n<\/style>\n\t<\/div>\n\t\n<a href=\"https:\/\/kuechen.life\/en\/beratungstermin\/\" class=\"button primary is-larger\"  >\n\t\t<span>Termin vereinbaren<\/span>\n\t<i class=\"icon-angle-right\" aria-hidden=\"true\" ><\/i><\/a>\n\n              <\/div>\n           <\/div>\n                            \n<style>\n#text-box-1463742841 {\n  width: 60%;\n}\n#text-box-1463742841 .text-box-content {\n  font-size: 100%;\n}\n<\/style>\n    <\/div>\n \n        <\/div>\n      <\/div>\n\n            \n<style>\n#banner-1182450909 {\n  padding-top: 40vh;\n}\n#banner-1182450909 .overlay {\n  background-color: rgba(0, 0, 0, 0.302);\n}\n#banner-1182450909 .banner-bg img {\n  object-position: 70% 60%;\n}\n<\/style>\n  <\/div>\n\n\n\n\t<section class=\"section\" id=\"section_687679114\">\n\t\t<div class=\"section-bg fill\" >\n\t\t\t\t\t\t\t\t\t\n\t\t\t\n\n\t\t<\/div>\n\n\t\t\n\n\t\t<div class=\"section-content relative\">\n\t\t\t\n<div class=\"row align-middle align-center\"  id=\"row-1441369382\">\n\n\t<div id=\"col-1597053275\" class=\"col small-12 large-12\"  >\n\t\t\t\t<div class=\"col-inner\"  >\n\t\t\t\n\t\t\t\n\t<div id=\"text-3158493910\" class=\"text\">\n\t\t\n<h2 class=\"lead\">Life K\u00fcchen \u2013 K\u00fcchen zum Leben<\/h2>\n\t\t\n<style>\n#text-3158493910 {\n  text-align: left;\n}\n<\/style>\n\t<\/div>\n\t\n<div class=\"row\"  id=\"row-267928243\">\n\n\t<div id=\"col-926639110\" class=\"col small-12 large-12\"  >\n\t\t\t\t<div class=\"col-inner\"  >\n\t\t\t\n\t\t\t\n<p>Sammeln Sie Inspiration und lassen Sie sich von den hochwertigen K\u00fcchenkonzepten unserer Partnerhersteller Nolte K\u00fcchen und Nobilia verzaubern. Jede K\u00fcche ist an Ihre individuellen W\u00fcnsche und Gegebenheiten anpassbar und l\u00e4sst sich flexibel umplanen.<\/p>\n<p>Wir von Life K\u00fcchen stehen f\u00fcr die Qualit\u00e4t unserer Hersteller, qualifiziertes Personal, das Ihre Traumk\u00fcche mit Leidenschaft umsetzt und exzellenten Kundenservice. Wir sind Ihr Experte rund um Ihren K\u00fcchentraum!<\/p>\n\t\t<\/div>\n\t\t\t\t\t<\/div>\n\n\t\n<\/div>\n\t\t<\/div>\n\t\t\t\t\t<\/div>\n\n\t\n<\/div>\n\t\t<\/div>\n\n\t\t\n<style>\n#section_687679114 {\n  padding-top: 80px;\n  padding-bottom: 80px;\n}\n<\/style>\n\t<\/section>\n\t\n\t\n  \n    <div class=\"row  equalize-box large-columns-3 medium-columns- small-columns-2 row-normal\" >\n  \n\t     <div class=\"product-small col has-hover product type-product post-2190 status-publish first instock product_cat-kuechenangebote has-post-thumbnail shipping-taxable product-type-simple\">\n\t<div class=\"col-inner\">\n\t\n<div class=\"badge-container absolute left top z-1\">\n\n<\/div>\n\t<div class=\"product-small box\">\n\t\t<div class=\"box-image\">\n\t\t\t<div class=\"image-fade_in_back\">\n\t\t\t\t<a href=\"https:\/\/kuechen.life\/en\/kuechen-angebote\/nolte-moderne-u-kueche-weiss\/\" aria-label=\"Nolte moderne U-K\u00fcche Wei\u00df\">\n\t\t\t\t\t<img decoding=\"async\" width=\"1000\" height=\"1000\" src=\"https:\/\/kuechen.life\/wp-content\/uploads\/2025\/06\/Nolte-moderne-U-Kueche.-mit-Dachschraege-Weiss-1000x1000.jpg\" class=\"attachment-woocommerce_thumbnail size-woocommerce_thumbnail\" alt=\"Nolte moderne U-Kueche Weiss\" srcset=\"https:\/\/kuechen.life\/wp-content\/uploads\/2025\/06\/Nolte-moderne-U-Kueche.-mit-Dachschraege-Weiss-1000x1000.jpg 1000w, https:\/\/kuechen.life\/wp-content\/uploads\/2025\/06\/Nolte-moderne-U-Kueche.-mit-Dachschraege-Weiss-150x150.jpg 150w, https:\/\/kuechen.life\/wp-content\/uploads\/2025\/06\/Nolte-moderne-U-Kueche.-mit-Dachschraege-Weiss-100x100.jpg 100w\" sizes=\"(max-width: 1000px) 100vw, 1000px\" \/><img decoding=\"async\" width=\"1000\" height=\"1000\" src=\"https:\/\/kuechen.life\/wp-content\/uploads\/2025\/06\/Nolte-Designkueche-mit-Insel-Sandstein-mit-Hauswirtschaftsraum-1000x1000.jpg\" class=\"show-on-hover absolute fill hide-for-small back-image\" alt=\"\" srcset=\"https:\/\/kuechen.life\/wp-content\/uploads\/2025\/06\/Nolte-Designkueche-mit-Insel-Sandstein-mit-Hauswirtschaftsraum-1000x1000.jpg 1000w, https:\/\/kuechen.life\/wp-content\/uploads\/2025\/06\/Nolte-Designkueche-mit-Insel-Sandstein-mit-Hauswirtschaftsraum-150x150.jpg 150w, https:\/\/kuechen.life\/wp-content\/uploads\/2025\/06\/Nolte-Designkueche-mit-Insel-Sandstein-mit-Hauswirtschaftsraum-100x100.jpg 100w\" sizes=\"(max-width: 1000px) 100vw, 1000px\" \/>\t\t\t\t<\/a>\n\t\t\t<\/div>\n\t\t\t<div class=\"image-tools is-small top right show-on-hover\">\n\t\t\t\t\t\t\t<\/div>\n\t\t\t<div class=\"image-tools is-small hide-for-small bottom left show-on-hover\">\n\t\t\t\t\t\t\t<\/div>\n\t\t\t<div class=\"image-tools grid-tools text-center hide-for-small bottom hover-slide-in show-on-hover\">\n\t\t\t\t\t\t\t<\/div>\n\t\t\t\t\t<\/div>\n\n\t\t<div class=\"box-text box-text-products\">\n\t\t\t<div class=\"title-wrapper\"><p class=\"name product-title woocommerce-loop-product__title\"><a href=\"https:\/\/kuechen.life\/en\/kuechen-angebote\/nolte-moderne-u-kueche-weiss\/\" class=\"woocommerce-LoopProduct-link woocommerce-loop-product__link\">Nolte moderne U-K\u00fcche Wei\u00df<\/a><\/p><\/div><div class=\"price-wrapper\">\n<\/div>\t\t<\/div>\n\t<\/div>\n\t\t<\/div>\n<\/div><div class=\"product-small col has-hover product type-product post-2189 status-publish instock product_cat-kuechenangebote has-post-thumbnail shipping-taxable product-type-simple\">\n\t<div class=\"col-inner\">\n\t\n<div class=\"badge-container absolute left top z-1\">\n\n<\/div>\n\t<div class=\"product-small box\">\n\t\t<div class=\"box-image\">\n\t\t\t<div class=\"image-fade_in_back\">\n\t\t\t\t<a href=\"https:\/\/kuechen.life\/en\/kuechen-angebote\/nolte-designkueche-mit-insel-sandstein\/\" aria-label=\"Nolte Designk\u00fcche mit Insel Sandstein\">\n\t\t\t\t\t<img decoding=\"async\" width=\"1000\" height=\"1000\" src=\"https:\/\/kuechen.life\/wp-content\/uploads\/2025\/06\/Nolte-Designkueche-mit-Insel-Sandstein-Braun-1000x1000.jpg\" class=\"attachment-woocommerce_thumbnail size-woocommerce_thumbnail\" alt=\"Nolte Designkueche mit Insel Sandstein\" srcset=\"https:\/\/kuechen.life\/wp-content\/uploads\/2025\/06\/Nolte-Designkueche-mit-Insel-Sandstein-Braun-1000x1000.jpg 1000w, https:\/\/kuechen.life\/wp-content\/uploads\/2025\/06\/Nolte-Designkueche-mit-Insel-Sandstein-Braun-150x150.jpg 150w, https:\/\/kuechen.life\/wp-content\/uploads\/2025\/06\/Nolte-Designkueche-mit-Insel-Sandstein-Braun-100x100.jpg 100w\" sizes=\"(max-width: 1000px) 100vw, 1000px\" \/><img decoding=\"async\" width=\"1000\" height=\"1000\" src=\"https:\/\/kuechen.life\/wp-content\/uploads\/2025\/06\/Nolte-Designkueche-mit-Insel-Sandstein-mit-Hauswirtschaftsraum-1000x1000.jpg\" class=\"show-on-hover absolute fill hide-for-small back-image\" alt=\"\" srcset=\"https:\/\/kuechen.life\/wp-content\/uploads\/2025\/06\/Nolte-Designkueche-mit-Insel-Sandstein-mit-Hauswirtschaftsraum-1000x1000.jpg 1000w, https:\/\/kuechen.life\/wp-content\/uploads\/2025\/06\/Nolte-Designkueche-mit-Insel-Sandstein-mit-Hauswirtschaftsraum-150x150.jpg 150w, https:\/\/kuechen.life\/wp-content\/uploads\/2025\/06\/Nolte-Designkueche-mit-Insel-Sandstein-mit-Hauswirtschaftsraum-100x100.jpg 100w\" sizes=\"(max-width: 1000px) 100vw, 1000px\" \/>\t\t\t\t<\/a>\n\t\t\t<\/div>\n\t\t\t<div class=\"image-tools is-small top right show-on-hover\">\n\t\t\t\t\t\t\t<\/div>\n\t\t\t<div class=\"image-tools is-small hide-for-small bottom left show-on-hover\">\n\t\t\t\t\t\t\t<\/div>\n\t\t\t<div class=\"image-tools grid-tools text-center hide-for-small bottom hover-slide-in show-on-hover\">\n\t\t\t\t\t\t\t<\/div>\n\t\t\t\t\t<\/div>\n\n\t\t<div class=\"box-text box-text-products\">\n\t\t\t<div class=\"title-wrapper\"><p class=\"name product-title woocommerce-loop-product__title\"><a href=\"https:\/\/kuechen.life\/en\/kuechen-angebote\/nolte-designkueche-mit-insel-sandstein\/\" class=\"woocommerce-LoopProduct-link woocommerce-loop-product__link\">Nolte Designk\u00fcche mit Insel Sandstein<\/a><\/p><\/div><div class=\"price-wrapper\">\n<\/div>\t\t<\/div>\n\t<\/div>\n\t\t<\/div>\n<\/div><div class=\"product-small col has-hover product type-product post-2074 status-publish last instock product_cat-kuechenangebote has-post-thumbnail shipping-taxable product-type-simple\">\n\t<div class=\"col-inner\">\n\t\n<div class=\"badge-container absolute left top z-1\">\n\n<\/div>\n\t<div class=\"product-small box\">\n\t\t<div class=\"box-image\">\n\t\t\t<div class=\"image-fade_in_back\">\n\t\t\t\t<a href=\"https:\/\/kuechen.life\/en\/kuechen-angebote\/nolte-moderne-inselkueche-natureiche\/\" aria-label=\"Nolte moderne Inselk\u00fcche Natureiche\">\n\t\t\t\t\t<img decoding=\"async\" width=\"1000\" height=\"1000\" src=\"https:\/\/kuechen.life\/wp-content\/uploads\/2025\/05\/Nolte-moderne-Inselkueche-Natureiche-1000x1000.jpg\" class=\"attachment-woocommerce_thumbnail size-woocommerce_thumbnail\" alt=\"Nolte moderne Inselk\u00fcche Natureiche\" srcset=\"https:\/\/kuechen.life\/wp-content\/uploads\/2025\/05\/Nolte-moderne-Inselkueche-Natureiche-1000x1000.jpg 1000w, https:\/\/kuechen.life\/wp-content\/uploads\/2025\/05\/Nolte-moderne-Inselkueche-Natureiche-150x150.jpg 150w, https:\/\/kuechen.life\/wp-content\/uploads\/2025\/05\/Nolte-moderne-Inselkueche-Natureiche-100x100.jpg 100w\" sizes=\"(max-width: 1000px) 100vw, 1000px\" \/>\t\t\t\t<\/a>\n\t\t\t<\/div>\n\t\t\t<div class=\"image-tools is-small top right show-on-hover\">\n\t\t\t\t\t\t\t<\/div>\n\t\t\t<div class=\"image-tools is-small hide-for-small bottom left show-on-hover\">\n\t\t\t\t\t\t\t<\/div>\n\t\t\t<div class=\"image-tools grid-tools text-center hide-for-small bottom hover-slide-in show-on-hover\">\n\t\t\t\t\t\t\t<\/div>\n\t\t\t\t\t<\/div>\n\n\t\t<div class=\"box-text box-text-products\">\n\t\t\t<div class=\"title-wrapper\"><p class=\"name product-title woocommerce-loop-product__title\"><a href=\"https:\/\/kuechen.life\/en\/kuechen-angebote\/nolte-moderne-inselkueche-natureiche\/\" class=\"woocommerce-LoopProduct-link woocommerce-loop-product__link\">Nolte moderne Inselk\u00fcche Natureiche<\/a><\/p><\/div><div class=\"price-wrapper\">\n<\/div>\t\t<\/div>\n\t<\/div>\n\t\t<\/div>\n<\/div><div class=\"product-small col has-hover product type-product post-2073 status-publish first instock product_cat-kuechenangebote has-post-thumbnail shipping-taxable product-type-simple\">\n\t<div class=\"col-inner\">\n\t\n<div class=\"badge-container absolute left top z-1\">\n\n<\/div>\n\t<div class=\"product-small box\">\n\t\t<div class=\"box-image\">\n\t\t\t<div class=\"image-fade_in_back\">\n\t\t\t\t<a href=\"https:\/\/kuechen.life\/en\/kuechen-angebote\/nobilia-moderne-kuechenzeile-hellgrau\/\" aria-label=\"Nobilia moderne K\u00fcchenzeile Hellgrau\">\n\t\t\t\t\t<img decoding=\"async\" width=\"1000\" height=\"972\" src=\"https:\/\/kuechen.life\/wp-content\/uploads\/2025\/05\/Nobilia-moderne-Kuechenzeile-seidengrau-1000x972.jpg\" class=\"attachment-woocommerce_thumbnail size-woocommerce_thumbnail\" alt=\"Nobilia moderne K\u00fcchenzeile Grau\" \/><img decoding=\"async\" width=\"1000\" height=\"972\" src=\"https:\/\/kuechen.life\/wp-content\/uploads\/2025\/05\/Nobilia-moderne-Kuechenzeile-weiss-1000x972.jpg\" class=\"show-on-hover absolute fill hide-for-small back-image\" alt=\"\" \/>\t\t\t\t<\/a>\n\t\t\t<\/div>\n\t\t\t<div class=\"image-tools is-small top right show-on-hover\">\n\t\t\t\t\t\t\t<\/div>\n\t\t\t<div class=\"image-tools is-small hide-for-small bottom left show-on-hover\">\n\t\t\t\t\t\t\t<\/div>\n\t\t\t<div class=\"image-tools grid-tools text-center hide-for-small bottom hover-slide-in show-on-hover\">\n\t\t\t\t\t\t\t<\/div>\n\t\t\t\t\t<\/div>\n\n\t\t<div class=\"box-text box-text-products\">\n\t\t\t<div class=\"title-wrapper\"><p class=\"name product-title woocommerce-loop-product__title\"><a href=\"https:\/\/kuechen.life\/en\/kuechen-angebote\/nobilia-moderne-kuechenzeile-hellgrau\/\" class=\"woocommerce-LoopProduct-link woocommerce-loop-product__link\">Nobilia moderne K\u00fcchenzeile Hellgrau<\/a><\/p><\/div><div class=\"price-wrapper\">\n<\/div>\t\t<\/div>\n\t<\/div>\n\t\t<\/div>\n<\/div><div class=\"product-small col has-hover product type-product post-2065 status-publish instock product_cat-kuechenangebote has-post-thumbnail shipping-taxable product-type-simple\">\n\t<div class=\"col-inner\">\n\t\n<div class=\"badge-container absolute left top z-1\">\n\n<\/div>\n\t<div class=\"product-small box\">\n\t\t<div class=\"box-image\">\n\t\t\t<div class=\"image-fade_in_back\">\n\t\t\t\t<a href=\"https:\/\/kuechen.life\/en\/kuechen-angebote\/nolte-designkueche-mit-insel-lava\/\" aria-label=\"Nolte Designk\u00fcche mit Insel Lava\">\n\t\t\t\t\t<img decoding=\"async\" width=\"1000\" height=\"1000\" src=\"https:\/\/kuechen.life\/wp-content\/uploads\/2025\/05\/Nolte-Designkueche-mit-Insel-Lava-matt-1000x1000.jpg\" class=\"attachment-woocommerce_thumbnail size-woocommerce_thumbnail\" alt=\"Nolte Designk\u00fcche mit Insel Lava matt\" srcset=\"https:\/\/kuechen.life\/wp-content\/uploads\/2025\/05\/Nolte-Designkueche-mit-Insel-Lava-matt-1000x1000.jpg 1000w, https:\/\/kuechen.life\/wp-content\/uploads\/2025\/05\/Nolte-Designkueche-mit-Insel-Lava-matt-150x150.jpg 150w, https:\/\/kuechen.life\/wp-content\/uploads\/2025\/05\/Nolte-Designkueche-mit-Insel-Lava-matt-100x100.jpg 100w\" sizes=\"(max-width: 1000px) 100vw, 1000px\" \/><img decoding=\"async\" width=\"1000\" height=\"1000\" src=\"https:\/\/kuechen.life\/wp-content\/uploads\/2025\/05\/nolte-kuechen_velluto_lava_ausschnitt-zeile-und-insel-1000x1000.jpg\" class=\"show-on-hover absolute fill hide-for-small back-image\" alt=\"\" srcset=\"https:\/\/kuechen.life\/wp-content\/uploads\/2025\/05\/nolte-kuechen_velluto_lava_ausschnitt-zeile-und-insel-1000x1000.jpg 1000w, https:\/\/kuechen.life\/wp-content\/uploads\/2025\/05\/nolte-kuechen_velluto_lava_ausschnitt-zeile-und-insel-150x150.jpg 150w, https:\/\/kuechen.life\/wp-content\/uploads\/2025\/05\/nolte-kuechen_velluto_lava_ausschnitt-zeile-und-insel-100x100.jpg 100w\" sizes=\"(max-width: 1000px) 100vw, 1000px\" \/>\t\t\t\t<\/a>\n\t\t\t<\/div>\n\t\t\t<div class=\"image-tools is-small top right show-on-hover\">\n\t\t\t\t\t\t\t<\/div>\n\t\t\t<div class=\"image-tools is-small hide-for-small bottom left show-on-hover\">\n\t\t\t\t\t\t\t<\/div>\n\t\t\t<div class=\"image-tools grid-tools text-center hide-for-small bottom hover-slide-in show-on-hover\">\n\t\t\t\t\t\t\t<\/div>\n\t\t\t\t\t<\/div>\n\n\t\t<div class=\"box-text box-text-products\">\n\t\t\t<div class=\"title-wrapper\"><p class=\"name product-title woocommerce-loop-product__title\"><a href=\"https:\/\/kuechen.life\/en\/kuechen-angebote\/nolte-designkueche-mit-insel-lava\/\" class=\"woocommerce-LoopProduct-link woocommerce-loop-product__link\">Nolte Designk\u00fcche mit Insel Lava<\/a><\/p><\/div><div class=\"price-wrapper\">\n<\/div>\t\t<\/div>\n\t<\/div>\n\t\t<\/div>\n<\/div><div class=\"product-small col has-hover product type-product post-2064 status-publish last instock product_cat-kuechenangebote has-post-thumbnail shipping-taxable product-type-simple\">\n\t<div class=\"col-inner\">\n\t\n<div class=\"badge-container absolute left top z-1\">\n\n<\/div>\n\t<div class=\"product-small box\">\n\t\t<div class=\"box-image\">\n\t\t\t<div class=\"image-fade_in_back\">\n\t\t\t\t<a href=\"https:\/\/kuechen.life\/en\/kuechen-angebote\/nobilia-moderne-kuechenzeile-olive\/\" aria-label=\"Nobilia moderne K\u00fcchenzeile Olive\">\n\t\t\t\t\t<img decoding=\"async\" width=\"1000\" height=\"1000\" src=\"https:\/\/kuechen.life\/wp-content\/uploads\/2025\/05\/Nobilia-Senso-gruene-Design-Kuechenzeile-1000x1000.jpg\" class=\"attachment-woocommerce_thumbnail size-woocommerce_thumbnail\" alt=\"Nobilia moderne K\u00fcchenzeile Olive\" srcset=\"https:\/\/kuechen.life\/wp-content\/uploads\/2025\/05\/Nobilia-Senso-gruene-Design-Kuechenzeile-1000x1000.jpg 1000w, https:\/\/kuechen.life\/wp-content\/uploads\/2025\/05\/Nobilia-Senso-gruene-Design-Kuechenzeile-150x150.jpg 150w, https:\/\/kuechen.life\/wp-content\/uploads\/2025\/05\/Nobilia-Senso-gruene-Design-Kuechenzeile-100x100.jpg 100w\" sizes=\"(max-width: 1000px) 100vw, 1000px\" \/><img decoding=\"async\" width=\"1000\" height=\"1000\" src=\"https:\/\/kuechen.life\/wp-content\/uploads\/2025\/05\/Nobilia-Senso-moderne-Kuechenzeile-Olive-mit-Griffmulden-1000x1000.jpg\" class=\"show-on-hover absolute fill hide-for-small back-image\" alt=\"Nobilia Senso moderne K\u00fcchenzeile Olive mit Griffmulden\" srcset=\"https:\/\/kuechen.life\/wp-content\/uploads\/2025\/05\/Nobilia-Senso-moderne-Kuechenzeile-Olive-mit-Griffmulden-1000x1000.jpg 1000w, https:\/\/kuechen.life\/wp-content\/uploads\/2025\/05\/Nobilia-Senso-moderne-Kuechenzeile-Olive-mit-Griffmulden-150x150.jpg 150w, https:\/\/kuechen.life\/wp-content\/uploads\/2025\/05\/Nobilia-Senso-moderne-Kuechenzeile-Olive-mit-Griffmulden-100x100.jpg 100w\" sizes=\"(max-width: 1000px) 100vw, 1000px\" \/>\t\t\t\t<\/a>\n\t\t\t<\/div>\n\t\t\t<div class=\"image-tools is-small top right show-on-hover\">\n\t\t\t\t\t\t\t<\/div>\n\t\t\t<div class=\"image-tools is-small hide-for-small bottom left show-on-hover\">\n\t\t\t\t\t\t\t<\/div>\n\t\t\t<div class=\"image-tools grid-tools text-center hide-for-small bottom hover-slide-in show-on-hover\">\n\t\t\t\t\t\t\t<\/div>\n\t\t\t\t\t<\/div>\n\n\t\t<div class=\"box-text box-text-products\">\n\t\t\t<div class=\"title-wrapper\"><p class=\"name product-title woocommerce-loop-product__title\"><a href=\"https:\/\/kuechen.life\/en\/kuechen-angebote\/nobilia-moderne-kuechenzeile-olive\/\" class=\"woocommerce-LoopProduct-link woocommerce-loop-product__link\">Nobilia moderne K\u00fcchenzeile Olive<\/a><\/p><\/div><div class=\"price-wrapper\">\n<\/div>\t\t<\/div>\n\t<\/div>\n\t\t<\/div>\n<\/div><\/div>","protected":false},"excerpt":{"rendered":"","protected":false},"author":6,"featured_media":0,"parent":19,"menu_order":0,"comment_status":"closed","ping_status":"closed","template":"page-blank.php","meta":{"footnotes":""},"class_list":["post-891","page","type-page","status-publish","hentry"],"_links":{"self":[{"href":"https:\/\/kuechen.life\/en\/wp-json\/wp\/v2\/pages\/891","targetHints":{"allow":["GET"]}}],"collection":[{"href":"https:\/\/kuechen.life\/en\/wp-json\/wp\/v2\/pages"}],"about":[{"href":"https:\/\/kuechen.life\/en\/wp-json\/wp\/v2\/types\/page"}],"author":[{"embeddable":true,"href":"https:\/\/kuechen.life\/en\/wp-json\/wp\/v2\/users\/6"}],"replies":[{"embeddable":true,"href":"https:\/\/kuechen.life\/en\/wp-json\/wp\/v2\/comments?post=891"}],"version-history":[{"count":12,"href":"https:\/\/kuechen.life\/en\/wp-json\/wp\/v2\/pages\/891\/revisions"}],"predecessor-version":[{"id":2239,"href":"https:\/\/kuechen.life\/en\/wp-json\/wp\/v2\/pages\/891\/revisions\/2239"}],"up":[{"embeddable":true,"href":"https:\/\/kuechen.life\/en\/wp-json\/wp\/v2\/pages\/19"}],"wp:attachment":[{"href":"https:\/\/kuechen.life\/en\/wp-json\/wp\/v2\/media?parent=891"}],"curies":[{"name":"wp","href":"https:\/\/api.w.org\/{rel}","templated":true}]}}